{"id":44,"date":"2025-05-19T19:17:27","date_gmt":"2025-05-19T17:17:27","guid":{"rendered":"https:\/\/sirot.projetsmmichamps.fr\/SiteOnePage\/contact\/"},"modified":"2025-05-19T21:59:32","modified_gmt":"2025-05-19T19:59:32","slug":"contact","status":"publish","type":"page","link":"https:\/\/sirot.projetsmmichamps.fr\/SiteOnePage\/contact\/","title":{"rendered":"Contact"},"content":{"rendered":"\t\t<div data-elementor-type=\"wp-page\" data-elementor-id=\"44\" class=\"elementor elementor-44\">\n\t\t\t\t<div class=\"elementor-element elementor-element-5acce7f3 animated-fast e-flex e-con-boxed elementor-invisible e-con e-parent\" data-id=\"5acce7f3\" data-element_type=\"container\" data-settings=\"{&quot;animation&quot;:&quot;fadeIn&quot;}\">\n\t\t\t\t\t<div class=\"e-con-inner\">\n\t\t<div class=\"elementor-element elementor-element-1aee19a2 e-con-full e-flex e-con e-child\" data-id=\"1aee19a2\" data-element_type=\"container\" data-settings=\"{&quot;background_background&quot;:&quot;gradient&quot;}\">\n\t\t\t\t<div class=\"elementor-element elementor-element-6ae4d8b3 elementor-widget__width-initial elementor-widget-mobile__width-inherit e-transform elementor-widget elementor-widget-image\" data-id=\"6ae4d8b3\" data-element_type=\"widget\" data-settings=\"{&quot;_transform_flipX_effect&quot;:&quot;transform&quot;}\" data-widget_type=\"image.default\">\n\t\t\t\t<div class=\"elementor-widget-container\">\n\t\t\t\t\t\t\t\t\t\t\t\t\t\t\t<img fetchpriority=\"high\" decoding=\"async\" width=\"800\" height=\"800\" src=\"https:\/\/sirot.projetsmmichamps.fr\/SiteOnePage\/wp-content\/uploads\/2025\/05\/microphone.webp\" class=\"attachment-large size-large wp-image-45\" alt=\"\" srcset=\"https:\/\/sirot.projetsmmichamps.fr\/SiteOnePage\/wp-content\/uploads\/2025\/05\/microphone.webp 1024w, https:\/\/sirot.projetsmmichamps.fr\/SiteOnePage\/wp-content\/uploads\/2025\/05\/microphone-300x300.webp 300w, https:\/\/sirot.projetsmmichamps.fr\/SiteOnePage\/wp-content\/uploads\/2025\/05\/microphone-150x150.webp 150w, https:\/\/sirot.projetsmmichamps.fr\/SiteOnePage\/wp-content\/uploads\/2025\/05\/microphone-768x768.webp 768w\" sizes=\"(max-width: 800px) 100vw, 800px\" \/>\t\t\t\t\t\t\t\t\t\t\t\t\t\t\t<\/div>\n\t\t\t\t<\/div>\n\t\t\t\t<div class=\"elementor-element elementor-element-34f21d7e elementor-widget__width-initial elementor-widget-mobile__width-inherit elementor-widget elementor-widget-contact\" data-id=\"34f21d7e\" data-element_type=\"widget\" data-settings=\"{&quot;box_shape&quot;:&quot;sharp&quot;}\" data-widget_type=\"contact.default\">\n\t\t\t\t<div class=\"elementor-widget-container\">\n\t\t\t\t\t\t\t<div class=\"has-shape-sharp shape-type-box ehp-contact has-preset-quick-info\">\n\t\t\t<div class=\"ehp-contact__overlay\"><\/div>\n\t\t\t<div class=\"ehp-contact__elements-container\">\n\t\t\t\t\t\t<div class=\"ehp-contact__text-container\">\n\t\t\t<div class=\"ehp-contact__headings\">\n\t\t\t\t<h2 class=\"ehp-contact__heading\">\u00c0 propos<\/h2><p class=\"ehp-contact__description\">Bienvenue sur mon site ! Voici les outils et technologies que j\u2019ai utilis\u00e9s pour concevoir et construire cet espace d\u00e9di\u00e9 \u00e0 The Weeknd. Chaque choix a \u00e9t\u00e9 fait pour offrir une exp\u00e9rience fluide, esth\u00e9tique et fonctionnelle, tant pour les visiteurs que pour moi en tant que cr\u00e9atrice.<\/p>\t\t\t<\/div>\n\t\t\t<div class=\"ehp-contact__groups\">\n\t\t\t\t\t\t<div class=\"ehp-contact__group\">\n\t\t\t<h3 class=\"ehp-contact__subheading\">Me contacter<\/h3>\t\t<div class=\"ehp-contact__links-container\">\n\t\t\t\t\t\t\t<a aria-label=\"Email\" class=\"ehp-contact__contact-link\" href=\"\" rel=\"noopener noreferrer\">\n\t\t\t\t\t<svg aria-hidden=\"true\" class=\"ehp-contact__contact-link-icon e-font-icon-svg e-fas-envelope\" viewBox=\"0 0 512 512\" xmlns=\"http:\/\/www.w3.org\/2000\/svg\"><path d=\"M502.3 190.8c3.9-3.1 9.7-.2 9.7 4.7V400c0 26.5-21.5 48-48 48H48c-26.5 0-48-21.5-48-48V195.6c0-5 5.7-7.8 9.7-4.7 22.4 17.4 52.1 39.5 154.1 113.6 21.1 15.4 56.7 47.8 92.2 47.6 35.7.3 72-32.8 92.3-47.6 102-74.1 131.6-96.3 154-113.7zM256 320c23.2.4 56.6-29.2 73.4-41.4 132.7-96.3 142.8-104.7 173.4-128.7 5.8-4.5 9.2-11.5 9.2-18.9v-19c0-26.5-21.5-48-48-48H48C21.5 64 0 85.5 0 112v19c0 7.4 3.4 14.3 9.2 18.9 30.6 23.9 40.7 32.4 173.4 128.7 16.8 12.2 50.2 41.8 73.4 41.4z\"><\/path><\/svg><span class=\"ehp-contact__contact-link-label\">Email<\/span>\t\t\t\t<\/a>\n\t\t\t\t\t\t\t\t<a aria-label=\"LinkedIn\" class=\"ehp-contact__contact-link\" href=\"http:\/\/www.linkedin.com\/in\/aurelie-sirot-23b893283\">\n\t\t\t\t\t<svg aria-hidden=\"true\" class=\"ehp-contact__contact-link-icon e-font-icon-svg e-fas-link\" viewBox=\"0 0 512 512\" xmlns=\"http:\/\/www.w3.org\/2000\/svg\"><path d=\"M326.612 185.391c59.747 59.809 58.927 155.698.36 214.59-.11.12-.24.25-.36.37l-67.2 67.2c-59.27 59.27-155.699 59.262-214.96 0-59.27-59.26-59.27-155.7 0-214.96l37.106-37.106c9.84-9.84 26.786-3.3 27.294 10.606.648 17.722 3.826 35.527 9.69 52.721 1.986 5.822.567 12.262-3.783 16.612l-13.087 13.087c-28.026 28.026-28.905 73.66-1.155 101.96 28.024 28.579 74.086 28.749 102.325.51l67.2-67.19c28.191-28.191 28.073-73.757 0-101.83-3.701-3.694-7.429-6.564-10.341-8.569a16.037 16.037 0 0 1-6.947-12.606c-.396-10.567 3.348-21.456 11.698-29.806l21.054-21.055c5.521-5.521 14.182-6.199 20.584-1.731a152.482 152.482 0 0 1 20.522 17.197zM467.547 44.449c-59.261-59.262-155.69-59.27-214.96 0l-67.2 67.2c-.12.12-.25.25-.36.37-58.566 58.892-59.387 154.781.36 214.59a152.454 152.454 0 0 0 20.521 17.196c6.402 4.468 15.064 3.789 20.584-1.731l21.054-21.055c8.35-8.35 12.094-19.239 11.698-29.806a16.037 16.037 0 0 0-6.947-12.606c-2.912-2.005-6.64-4.875-10.341-8.569-28.073-28.073-28.191-73.639 0-101.83l67.2-67.19c28.239-28.239 74.3-28.069 102.325.51 27.75 28.3 26.872 73.934-1.155 101.96l-13.087 13.087c-4.35 4.35-5.769 10.79-3.783 16.612 5.864 17.194 9.042 34.999 9.69 52.721.509 13.906 17.454 20.446 27.294 10.606l37.106-37.106c59.271-59.259 59.271-155.699.001-214.959z\"><\/path><\/svg><span class=\"ehp-contact__contact-link-label\">LinkedIn<\/span>\t\t\t\t<\/a>\n\t\t\t\t\t\t<\/div>\n\t\t\t\t<\/div>\n\t\t\t\t\t<\/div>\n\t\t<\/div>\n\t\t\t\t\t<\/div>\n\t\t<\/div>\n\t\t\t\t\t\t<\/div>\n\t\t\t\t<\/div>\n\t\t\t\t<\/div>\n\t\t\t\t\t<\/div>\n\t\t\t\t<\/div>\n\t\t<div class=\"elementor-element elementor-element-939f5d8 e-grid e-con-full e-con e-parent\" data-id=\"939f5d8\" data-element_type=\"container\">\n\t\t<div class=\"elementor-element elementor-element-844a072 e-con-full e-flex e-con e-child\" data-id=\"844a072\" data-element_type=\"container\">\n\t\t\t\t<div class=\"elementor-element elementor-element-9330843 elementor-widget elementor-widget-heading\" data-id=\"9330843\" data-element_type=\"widget\" data-widget_type=\"heading.default\">\n\t\t\t\t<div class=\"elementor-widget-container\">\n\t\t\t\t\t<h2 class=\"elementor-heading-title elementor-size-default\">Le th\u00e8me : Hello Elementor<\/h2>\t\t\t\t<\/div>\n\t\t\t\t<\/div>\n\t\t\t\t<div class=\"elementor-element elementor-element-089b9d7 elementor-widget elementor-widget-text-editor\" data-id=\"089b9d7\" data-element_type=\"widget\" data-widget_type=\"text-editor.default\">\n\t\t\t\t<div class=\"elementor-widget-container\">\n\t\t\t\t\t\t\t\t\t<ul><li>Simple et rapide d&rsquo;utilisation<\/li><li>Fait pour fonctionner avec Elementor<\/li><\/ul>\t\t\t\t\t\t\t\t<\/div>\n\t\t\t\t<\/div>\n\t\t\t\t<\/div>\n\t\t<div class=\"elementor-element elementor-element-7fa9230 e-con-full e-flex e-con e-child\" data-id=\"7fa9230\" data-element_type=\"container\">\n\t\t\t\t<div class=\"elementor-element elementor-element-7a4dce8 elementor-widget elementor-widget-heading\" data-id=\"7a4dce8\" data-element_type=\"widget\" data-widget_type=\"heading.default\">\n\t\t\t\t<div class=\"elementor-widget-container\">\n\t\t\t\t\t<h2 class=\"elementor-heading-title elementor-size-default\">Les widgets : Elementor<\/h2>\t\t\t\t<\/div>\n\t\t\t\t<\/div>\n\t\t\t\t<div class=\"elementor-element elementor-element-5c10d0b elementor-widget elementor-widget-text-editor\" data-id=\"5c10d0b\" data-element_type=\"widget\" data-widget_type=\"text-editor.default\">\n\t\t\t\t<div class=\"elementor-widget-container\">\n\t\t\t\t\t\t\t\t\t<ul><li>Structure simple et rapide<\/li><li>Mod\u00e8les pr\u00eats \u00e0 l&#8217;emploi<\/li><li>Effets visuels<\/li><\/ul>\t\t\t\t\t\t\t\t<\/div>\n\t\t\t\t<\/div>\n\t\t\t\t<\/div>\n\t\t<div class=\"elementor-element elementor-element-140a719 e-con-full e-flex e-con e-child\" data-id=\"140a719\" data-element_type=\"container\">\n\t\t\t\t<div class=\"elementor-element elementor-element-0b84348 elementor-widget elementor-widget-heading\" data-id=\"0b84348\" data-element_type=\"widget\" data-widget_type=\"heading.default\">\n\t\t\t\t<div class=\"elementor-widget-container\">\n\t\t\t\t\t<h2 class=\"elementor-heading-title elementor-size-default\">La page builder : Elementor<\/h2>\t\t\t\t<\/div>\n\t\t\t\t<\/div>\n\t\t\t\t<div class=\"elementor-element elementor-element-bdb3b14 elementor-widget elementor-widget-text-editor\" data-id=\"bdb3b14\" data-element_type=\"widget\" data-widget_type=\"text-editor.default\">\n\t\t\t\t<div class=\"elementor-widget-container\">\n\t\t\t\t\t\t\t\t\t<ul><li>Outil principal<\/li><li>Glisser &#8211; D\u00e9poser<\/li><\/ul>\t\t\t\t\t\t\t\t<\/div>\n\t\t\t\t<\/div>\n\t\t\t\t<\/div>\n\t\t<div class=\"elementor-element elementor-element-2ea71ba e-con-full e-flex e-con e-child\" data-id=\"2ea71ba\" data-element_type=\"container\">\n\t\t\t\t<div class=\"elementor-element elementor-element-256d1f5 elementor-widget elementor-widget-heading\" data-id=\"256d1f5\" data-element_type=\"widget\" data-widget_type=\"heading.default\">\n\t\t\t\t<div class=\"elementor-widget-container\">\n\t\t\t\t\t<h2 class=\"elementor-heading-title elementor-size-default\"> Le Kit Web : Podcast for Creators & Musicians<\/h2>\t\t\t\t<\/div>\n\t\t\t\t<\/div>\n\t\t\t\t<div class=\"elementor-element elementor-element-ee2d13c elementor-widget elementor-widget-text-editor\" data-id=\"ee2d13c\" data-element_type=\"widget\" data-widget_type=\"text-editor.default\">\n\t\t\t\t<div class=\"elementor-widget-container\">\n\t\t\t\t\t\t\t\t\t<ul><li>Con\u00e7u pour la musique<\/li><li>Personnalisation facile<\/li><li>Gain de temps<\/li><li>Inclut les pages essentielles<\/li><\/ul>\t\t\t\t\t\t\t\t<\/div>\n\t\t\t\t<\/div>\n\t\t\t\t<\/div>\n\t\t\t\t<\/div>\n\t\t\t\t<\/div>\n\t\t","protected":false},"excerpt":{"rendered":"<p>\u00c0 propos Bienvenue sur mon site ! Voici les outils et technologies que j\u2019ai utilis\u00e9s pour concevoir et construire cet espace d\u00e9di\u00e9 \u00e0 The Weeknd. Chaque choix a \u00e9t\u00e9 fait pour offrir une exp\u00e9rience fluide, esth\u00e9tique et fonctionnelle, tant pour les visiteurs que pour moi en tant que cr\u00e9atrice. Me contacter Email LinkedIn Le th\u00e8me [&hellip;]<\/p>\n","protected":false},"author":1,"featured_media":0,"parent":0,"menu_order":0,"comment_status":"closed","ping_status":"closed","template":"","meta":{"footnotes":""},"class_list":["post-44","page","type-page","status-publish","hentry"],"_links":{"self":[{"href":"https:\/\/sirot.projetsmmichamps.fr\/SiteOnePage\/wp-json\/wp\/v2\/pages\/44","targetHints":{"allow":["GET"]}}],"collection":[{"href":"https:\/\/sirot.projetsmmichamps.fr\/SiteOnePage\/wp-json\/wp\/v2\/pages"}],"about":[{"href":"https:\/\/sirot.projetsmmichamps.fr\/SiteOnePage\/wp-json\/wp\/v2\/types\/page"}],"author":[{"embeddable":true,"href":"https:\/\/sirot.projetsmmichamps.fr\/SiteOnePage\/wp-json\/wp\/v2\/users\/1"}],"replies":[{"embeddable":true,"href":"https:\/\/sirot.projetsmmichamps.fr\/SiteOnePage\/wp-json\/wp\/v2\/comments?post=44"}],"version-history":[{"count":10,"href":"https:\/\/sirot.projetsmmichamps.fr\/SiteOnePage\/wp-json\/wp\/v2\/pages\/44\/revisions"}],"predecessor-version":[{"id":108,"href":"https:\/\/sirot.projetsmmichamps.fr\/SiteOnePage\/wp-json\/wp\/v2\/pages\/44\/revisions\/108"}],"wp:attachment":[{"href":"https:\/\/sirot.projetsmmichamps.fr\/SiteOnePage\/wp-json\/wp\/v2\/media?parent=44"}],"curies":[{"name":"wp","href":"https:\/\/api.w.org\/{rel}","templated":true}]}}